{"id":1397,"date":"2023-03-22T09:47:40","date_gmt":"2023-03-22T09:47:40","guid":{"rendered":"https:\/\/beta.espichegolf.pt\/\/membership\/"},"modified":"2024-12-13T09:36:50","modified_gmt":"2024-12-13T09:36:50","slug":"membros","status":"publish","type":"page","link":"https:\/\/espiche.crochet.com.pt\/pt-pt\/golf\/membros\/","title":{"rendered":"Membros"},"content":{"rendered":"<!-- header -->\n<figure class=\"main-banner\">\n  <figcaption>\n    <div class=\"container\">\n      <div class=\"row\">\n        <div class=\"col-xl-8 col-lg-10 mx-auto appear animation-opacity\">\n                      <h2 class=\"h1\"  style=\"color: white; font-weight: bold;\">\n              Membros            <\/h2>\n                                \n                  <\/div>\n      <\/div>\n    <\/div>\n    <!-- container -->\n  <\/figcaption>\n  <div class=\"img bg-img\">\n\n          <img decoding=\"async\" src=\"https:\/\/espiche.crochet.com.pt\/wp-content\/uploads\/2023\/07\/EG-0066-min.jpg\" alt=\"membership golf\">\n       <\/div>\n  <!-- img -->\n<\/figure>\n\n<section class=\"intro-about appear\" style=\"margin: 4rem 0;\">\n        <div class=\"container\">\n            <div class=\"col-lg-12 col-md-12\">\n                                    <h2><h2>Torne-se s\u00f3cio e fa\u00e7a do Espiche Golf a sua casa de golfe<\/h2> \r\n\r\n<p>O Espiche Golf Club \u00e9 um clube vibrante com centenas de membros de v\u00e1rias nacionalidades. Um ambiente amig\u00e1vel e descontra\u00eddo torna-o num lar ideal longe de casa, com uma vasta gama de torneios e eventos sociais ao longo do ano.\r\n<\/p>\r\nEmbarque numa experi\u00eancia de golfe \u00fanica, tornando-se membro do Espiche Golf Club, um prestigiado clube de golfe em Lagos, Portugal. Os nossos memberships foram concebidos para atender a uma variedade de prefer\u00eancias, assegurando uma experi\u00eancia de golfe personalizada para entusiastas de todos os n\u00edveis.<\/h2>\n                            <\/div>\n        <\/div>\n        <div class=\"container\">\n            <div class=\"img appear\" style=\"margin: 2.5rem 0;\">\n                           <\/div>\n        <\/div>\n<\/section>\n\n<section class=\"about-section-2 appear animation-left\">\n    <div class=\"container \">\n        <div class=\"row row-about-section-white\" style=\"align-items: center;\">\n            <div class=\"col-lg-6 col-md-6 padding-row appear\">\n                                                                \n            <\/div>\n            <div class=\"col-lg-6 col-md-6 img appear\">\n                             <\/div>\n        <\/div>\n    <\/div>\n    <div class=\"div-about-section-blue\">\n        <div class=\"container\">\n        <div class=\"row row-about-section-blue\" style=\"align-items: center;\">\n            <div class=\"col-lg-6 col-md-6 img appear appear\">\n                                  <img decoding=\"async\" src=\"https:\/\/espiche.crochet.com.pt\/wp-content\/uploads\/2023\/06\/EG-2357-min.jpg\" alt=\"players on tee 1\"\/>\n                              <\/div>\n            <div class=\"col-lg-6 col-md-6 padding-row appear\">\n                                    <h2>Op\u00e7\u00f5es de Membership<\/h2>\n                                                                    <p><p>Temos diferentes solu\u00e7\u00f5es de membership dispon\u00edveis, para irem ao encontro do seu estilo de vida:<\/p>\r\n \r\n<p><span>Membership Gold<\/span>\r\nGolfe ilimitado no Espiche Golf<\/p>\r\n<p><span>Membership Silver<\/span>\r\nInclu\u00eddas um m\u00e1ximo de 36 voltas por ano<\/p>\r\n<p><span>Membership Bronze<\/span>\r\nConcebido para aqueles que n\u00e3o residem a tempo inteiro em Portugal. Os membros Bronze t\u00eam acesso a uma inscri\u00e7\u00e3o de 10 semanas<\/p>\r\n<p><span>Membership 9 Buracos<\/span>\r\nEste membership inclui 9 buracos por dia<\/p>\r\n<p><span>Membership Twilight<\/span>\r\nS\u00f3cios podem jogar golfe durante os tee times de twilight e t\u00eam acesso total ao campo de golfe aos Domingos a partir das 12h00.<\/p><\/p>\n                                            <\/div>\n        <\/div>\n        <\/div>\n    <\/div>\n<\/section>\n\n<section class=\"about-section-2 appear animation-left\" style=\"margin-bottom:6rem; margin-top: 4rem;\">\r\n    <div class=\"container\">\r\n        <div class=\"row row-about-section-white\" style=\"align-items: center;\">\r\n            \r\n            <div class=\"col-lg-6 col-md-6 padding-row appear\">\r\n                                    <h2>Benef\u00edcios Exclusivos<\/h2>\r\n                \r\n                \r\n                                    <p><p>Descubra os in\u00fameros benef\u00edcios de se tornar s\u00f3cio do Espiche Golf<\/p>\r\n    <ul class=\"checklist\">\r\n      <li>Golfe ilimitado durante todo o per\u00edodo do membership<\/li>\r\n      <li>Tee times exclusivos para s\u00f3cios<\/li>\r\n      <li>Uso gratuito da \u00e1rea de jogo curto<\/li>\r\n      <li>50% de desconto nos tokens para o driving range<\/li>\r\n      <li>Desconto ilimitado para convidados<\/li>\r\n      <li>Desconto no restaurante e loja de golfe<\/li>\r\n      <li>Acesso a competi\u00e7\u00f5es de s\u00f3cios, torneios e eventos sociais<\/li>\r\n      <li>Acordos rec\u00edprocos com outros clubes de golfe em Portugal<\/li>\r\n      <li>Tarifas preferenciais para aulas de golfe com o Profissional de Golfe<\/li>\r\n      <li>Tarifas preferenciais para aluguer de buggies<\/li>\r\n      <li>Inscri\u00e7\u00e3o e gest\u00e3o de handicap na Federa\u00e7\u00e3o Portuguesa de Golfe (ao aderir ao clube)<\/li>\r\n    <\/ul><\/p>\r\n                \r\n                            <\/div>\r\n\r\n            <div class=\"col-lg-6 col-md-6 img appear\">\r\n                                    <img decoding=\"async\" src=\"https:\/\/espiche.crochet.com.pt\/wp-content\/uploads\/2023\/06\/Espiche_GC_Pro_2768-min.jpg\" alt=\"golfer on tee 2\"\/>\r\n                            <\/div>\r\n        <\/div>\r\n    <\/div>\r\n<\/section>\r\n\n\n<!-- header -->\n<figure class=\"main-banner\">\n  <figcaption>\n    <div class=\"container\">\n      <div class=\"row\">\n        <div class=\"col-xl-8 col-lg-10 mx-auto appear animation-opacity\">\n                      <h2 class=\"h1\"  style=\"color: white; font-weight: bold;\">\n              <span style=\"font-size: 2.5rem;\">Contacte-nos para saber mais sobre os nossos planos para membros<\/span>            <\/h2>\n                                          <p class=\"text-slides-info\"  style=\"color: white; text-align: center;\"><div class=\"row\" style=\"gap: 2rem;\">\r\n<a href=\"https:\/\/www.espichegolf.pt\/wp-content\/uploads\/2024\/12\/Pacote-Membership-2025.pdf\" class=\"btn btn-white\" rel=\"noopener\">Pre\u00e7os Membership<\/a>\r\n<a href=\"#\" class=\"btn btn-white membership-btn-pt\">Torne-se Membro<\/a>\r\n<\/div><\/p>\n            \n                  <\/div>\n      <\/div>\n    <\/div>\n    <!-- container -->\n  <\/figcaption>\n  <div class=\"img bg-img\">\n\n          <img decoding=\"async\" src=\"https:\/\/espiche.crochet.com.pt\/wp-content\/uploads\/2023\/06\/EG_GOLF-26-min-scaled.jpg\" alt=\"\">\n       <\/div>\n  <!-- img -->\n<\/figure>\n\n<section class=\"about-section-2 appear animation-left\">\r\n    <div class=\"div-about-section-blue\">\r\n        <div class=\"container\">\r\n            <div class=\"row row-about-section-blue\" style=\"align-items: center;\">\r\n                <div class=\"col-lg-6 col-md-6 img appear\">\r\n                                            <img decoding=\"async\" src=\"https:\/\/espiche.crochet.com.pt\/wp-content\/uploads\/2023\/06\/EG-0052-min-1.jpg\" alt=\"golfer hitting a ball\"\/>\r\n                                    <\/div>\r\n                <div class=\"col-lg-6 col-md-6 padding-row appear\">\r\n                                            <h2>Vida no Clube<\/h2>\r\n                    \r\n                    \r\n                                            <p><p>Todas as ter\u00e7as-feiras e s\u00e1bados, todos os s\u00f3cios podem participar num jogo de equipa amig\u00e1vel e, \u00e0s quintas-feiras, organizamos um roll up em que os visitantes podem tamb\u00e9m participar.<p>\r\n\r\nExiste uma forte vida social associada ao facto de ser s\u00f3cio e realizamos eventos regulares ao longo do ano.<p>\r\n\r\nDescubra o que torna o Espiche Golf t\u00e3o especial.<p><\/p>\r\n                    \r\n                                            <a href=\"https:\/\/www.espichegolf.pt\/pt-pt\/login\/\" class=\"btn btn-blue\" rel=\"noopener\">\r\n                            Acesso \u00e0 \u00c1rea de Membros                        <\/a>\r\n                                    <\/div>\r\n            <\/div>\r\n        <\/div>\r\n    <\/div>\r\n<\/section>","protected":false},"excerpt":{"rendered":"","protected":false},"author":1,"featured_media":0,"parent":2413,"menu_order":5,"comment_status":"closed","ping_status":"closed","template":"","meta":{"_acf_changed":false,"inline_featured_image":false,"footnotes":""},"class_list":["post-1397","page","type-page","status-publish","hentry"],"acf":[],"_links":{"self":[{"href":"https:\/\/espiche.crochet.com.pt\/pt-pt\/wp-json\/wp\/v2\/pages\/1397","targetHints":{"allow":["GET"]}}],"collection":[{"href":"https:\/\/espiche.crochet.com.pt\/pt-pt\/wp-json\/wp\/v2\/pages"}],"about":[{"href":"https:\/\/espiche.crochet.com.pt\/pt-pt\/wp-json\/wp\/v2\/types\/page"}],"author":[{"embeddable":true,"href":"https:\/\/espiche.crochet.com.pt\/pt-pt\/wp-json\/wp\/v2\/users\/1"}],"replies":[{"embeddable":true,"href":"https:\/\/espiche.crochet.com.pt\/pt-pt\/wp-json\/wp\/v2\/comments?post=1397"}],"version-history":[{"count":104,"href":"https:\/\/espiche.crochet.com.pt\/pt-pt\/wp-json\/wp\/v2\/pages\/1397\/revisions"}],"predecessor-version":[{"id":20120,"href":"https:\/\/espiche.crochet.com.pt\/pt-pt\/wp-json\/wp\/v2\/pages\/1397\/revisions\/20120"}],"up":[{"embeddable":true,"href":"https:\/\/espiche.crochet.com.pt\/pt-pt\/wp-json\/wp\/v2\/pages\/2413"}],"wp:attachment":[{"href":"https:\/\/espiche.crochet.com.pt\/pt-pt\/wp-json\/wp\/v2\/media?parent=1397"}],"curies":[{"name":"wp","href":"https:\/\/api.w.org\/{rel}","templated":true}]}}