{"id":2357,"date":"2023-03-02T09:46:29","date_gmt":"2023-03-02T09:46:29","guid":{"rendered":"https:\/\/espiche-golf.crochet.pt\/about\/"},"modified":"2024-10-31T12:38:18","modified_gmt":"2024-10-31T12:38:18","slug":"sobre","status":"publish","type":"page","link":"https:\/\/espiche.crochet.com.pt\/pt-pt\/sobre\/","title":{"rendered":"Sobre"},"content":{"rendered":"<!-- header -->\n<figure class=\"main-banner\">\n  <figcaption>\n    <div class=\"container\">\n      <div class=\"row\">\n        <div class=\"col-xl-8 col-lg-10 mx-auto appear animation-opacity\">\n                      <h2 class=\"h1\"  style=\"color: white; font-weight: bold;\">\n              Sobre <br> Espiche Golf            <\/h2>\n                                \n                  <\/div>\n      <\/div>\n    <\/div>\n    <!-- container -->\n  <\/figcaption>\n  <div class=\"img bg-img\">\n\n          <img decoding=\"async\" src=\"https:\/\/espiche.crochet.com.pt\/wp-content\/uploads\/2023\/07\/EG_GOLF-31-min-1.jpg\" alt=\"sustainability\">\n       <\/div>\n  <!-- img -->\n<\/figure>\n\n\n<div style=\"height:80px\" aria-hidden=\"true\" class=\"wp-block-spacer\"><\/div>\n\n\n<section class=\"about-section-2 appear animation-left\">\n    <div class=\"container \">\n        <div class=\"row row-about-section-white\" style=\"align-items: center;\">\n            <div class=\"col-lg-6 col-md-6 padding-row appear\">\n                                    <h2>A Vis\u00e3o<\/h2>\n                                                                    <p><p>No Espiche Golf, cada elemento do campo de golfe, das infraestruturas e das futuras propriedades hoteleiras e residenciais foi cuidadosamente planejado para respeitar e real\u00e7ar as caracter\u00edsticas \u00fanicas do ambiente natural.<\/p> \r\n<p> No Espiche Golf, a nossa vis\u00e3o tem por base um futuro sustent\u00e1vel para as pr\u00f3ximas gera\u00e7\u00f5es. Para alcan\u00e7ar este objetivo, us\u00e1mos a ci\u00eancia e as novas tecnologias para criar um campo que reflete a nossa dupla paix\u00e3o pelo golfe e conserva\u00e7\u00e3o ambiental. Este conceito est\u00e1 tamb\u00e9m na base do desenvolvimento da vertente imobili\u00e1ria e hoteleira.\r\n<p> O campo de golfe est\u00e1 localizado num parque natural, o que requere uma gest\u00e3o delicada. \u00c9 o ethos que est\u00e1 por detr\u00e1s da gest\u00e3o de todos os aspectos do clube que faz do Espiche Golf um novo conceito no golfe e desenvolvimento imobili\u00e1rio no Algarve.<\/p> <\/p>\n                                                                    <a href=\"https:\/\/www.espichegolf.pt\/wp-content\/uploads\/2024\/04\/Fact-Sheet-PT.pdf\" class=\"btn btn-blue\" rel=\"noopener\">Fact Sheet<\/a>\n                                \n            <\/div>\n            <div class=\"col-lg-6 col-md-6 img appear\">\n                                   <img decoding=\"async\" src=\"https:\/\/espiche.crochet.com.pt\/wp-content\/uploads\/2023\/06\/EG_GOLF-14-min.jpg\" alt=\"hole 9\"\/>\n                              <\/div>\n        <\/div>\n    <\/div>\n    <div class=\"div-about-section-blue\">\n        <div class=\"container\">\n        <div class=\"row row-about-section-blue\" style=\"align-items: center;\">\n            <div class=\"col-lg-6 col-md-6 img appear appear\">\n                                  <img decoding=\"async\" src=\"https:\/\/espiche.crochet.com.pt\/wp-content\/uploads\/2023\/06\/EG_GOLF-61-min.jpg\" alt=\"aerial view espiche golf\"\/>\n                              <\/div>\n            <div class=\"col-lg-6 col-md-6 padding-row appear\">\n                                    <h2>Hist\u00f3ria<\/h2>\n                                                    <p><span>Espiche Golf \u00e9 uma pequena empresa com um grande sonho<\/span><\/p>\n                                                    <p><p>Os tr\u00eas membros fundadores eram empres\u00e1rios vision\u00e1rios que visitaram o Algarve h\u00e1 mais de 20 anos para analisar as oportunidades de investimento. Ao conhecerem o local em Bago de Uva, perceberam imediatamente a possibilidade de criar um campo de golfe \u00fanico em Portugal \u2013 um campo naturalmente paisag\u00edstico, integrado na paisagem. Levaram o seu conceito ao arquiteto sul-africano Peter Sauerman, que projetou o campo. Com o apoio de um pequeno grupo de investidores e a dedica\u00e7\u00e3o de construtores, constru\u00edram e paisagiaram o projeto de forma harmoniosa com o cen\u00e1rio natural.<\/p>\r\n<p>Hoje, o Espiche Golf \u00e9 um campo de golfe sustent\u00e1vel e uma refer\u00eancia para muitos turistas e locais.<\/p>\r\n<p>O sonho dos fundadores agora \u00e9 uma realidade para que todos possam desfrutar.<\/p><\/p>\n                                            <\/div>\n        <\/div>\n        <\/div>\n    <\/div>\n<\/section>\n\n<section class=\"about-section-2 appear animation-left\" style=\"margin-bottom:6rem; margin-top: 4rem;\">\r\n    <div class=\"container\">\r\n        <div class=\"row row-about-section-white\" style=\"align-items: center;\">\r\n            \r\n            <div class=\"col-lg-6 col-md-6 padding-row appear\">\r\n                                    <h2>Pr\u00e9mios<\/h2>\r\n                \r\n                \r\n                                    <p><h3>Clubhouse do ano 2015 &#8211; 3\u00ba lugar<\/h3>\r\n<p>O Espiche Golf tornou-se no \u00fanico clube de golfe, fora dos EUA, a ser reconhecido como um dos melhores clubhouses do ano 2015, pela prestigiada publica\u00e7\u00e3o Golf Inc.<\/p> \r\n<p>Quatro ju\u00edzes, com forma\u00e7\u00e3o e experi\u00eancia em arquitetura, design e golfe, classificaram o clubhouse do Espiche Golf como terceiro, a n\u00edvel mundial, na categoria de Nova Constru\u00e7\u00e3o.<\/p> \r\n<p>Os candidatos ao pr\u00e9mio de Melhor Clubhouse do Ano foram avaliados com base em tr\u00eas fatores: efici\u00eancia, est\u00e9tica e conceito geral de design. O clubhouse do Espiche Golf, inaugurado em maio de 2014, destacou-se com excel\u00eancia em todas essas \u00e1reas, recebendo reconhecimento pelo seu design inovador, sustent\u00e1vel e criativo.<\/p><\/p>\r\n                \r\n                            <\/div>\r\n\r\n            <div class=\"col-lg-6 col-md-6 img appear\">\r\n                                    <img decoding=\"async\" src=\"https:\/\/espiche.crochet.com.pt\/wp-content\/uploads\/2023\/06\/20230509_161602-min.jpg\" alt=\"prize winning\"\/>\r\n                            <\/div>\r\n        <\/div>\r\n    <\/div>\r\n<\/section>\r\n","protected":false},"excerpt":{"rendered":"","protected":false},"author":1,"featured_media":0,"parent":0,"menu_order":0,"comment_status":"closed","ping_status":"closed","template":"","meta":{"_acf_changed":false,"inline_featured_image":false,"footnotes":""},"class_list":["post-2357","page","type-page","status-publish","hentry"],"acf":[],"_links":{"self":[{"href":"https:\/\/espiche.crochet.com.pt\/pt-pt\/wp-json\/wp\/v2\/pages\/2357","targetHints":{"allow":["GET"]}}],"collection":[{"href":"https:\/\/espiche.crochet.com.pt\/pt-pt\/wp-json\/wp\/v2\/pages"}],"about":[{"href":"https:\/\/espiche.crochet.com.pt\/pt-pt\/wp-json\/wp\/v2\/types\/page"}],"author":[{"embeddable":true,"href":"https:\/\/espiche.crochet.com.pt\/pt-pt\/wp-json\/wp\/v2\/users\/1"}],"replies":[{"embeddable":true,"href":"https:\/\/espiche.crochet.com.pt\/pt-pt\/wp-json\/wp\/v2\/comments?post=2357"}],"version-history":[{"count":68,"href":"https:\/\/espiche.crochet.com.pt\/pt-pt\/wp-json\/wp\/v2\/pages\/2357\/revisions"}],"predecessor-version":[{"id":19227,"href":"https:\/\/espiche.crochet.com.pt\/pt-pt\/wp-json\/wp\/v2\/pages\/2357\/revisions\/19227"}],"wp:attachment":[{"href":"https:\/\/espiche.crochet.com.pt\/pt-pt\/wp-json\/wp\/v2\/media?parent=2357"}],"curies":[{"name":"wp","href":"https:\/\/api.w.org\/{rel}","templated":true}]}}