{"id":2379,"date":"2023-03-22T11:19:03","date_gmt":"2023-03-22T11:19:03","guid":{"rendered":"https:\/\/espiche-golf.crochet.pt\/special-events\/"},"modified":"2025-01-30T11:43:39","modified_gmt":"2025-01-30T11:43:39","slug":"eventos-especiais","status":"publish","type":"page","link":"https:\/\/espiche.crochet.com.pt\/pt-pt\/eventos-especiais\/","title":{"rendered":"Eventos Especiais"},"content":{"rendered":"<!-- header -->\n<figure class=\"main-banner\">\n  <figcaption>\n    <div class=\"container\">\n      <div class=\"row\">\n        <div class=\"col-xl-8 col-lg-10 mx-auto appear animation-opacity\">\n                      <h2 class=\"h1\"  style=\"color: white; font-weight: bold;\">\n              Eventos Especiais            <\/h2>\n                                \n                  <\/div>\n      <\/div>\n    <\/div>\n    <!-- container -->\n  <\/figcaption>\n  <div class=\"img bg-img\">\n\n          <img decoding=\"async\" src=\"https:\/\/espiche.crochet.com.pt\/wp-content\/uploads\/2023\/07\/Espiche-381-min.jpg\" alt=\"event on the terrace\">\n       <\/div>\n  <!-- img -->\n<\/figure>\n\n<section class=\"intro-about appear\" style=\"margin: 4rem 0;\">\n        <div class=\"container\">\n            <div class=\"col-lg-12 col-md-12\">\n                                    <h2><h2>Organize um evento no Espiche Golf para celebrar uma ocasi\u00e3o especial<\/h2>\r\n\r\n<p>O Espiche Golf tem capacidade para organizar uma variedade de eventos e ocasi\u00f5es especiais, com o campo dispon\u00edvel para torneios personalizados e o clubhouse aberto a uma grande variedade de eventos, incluindo casamentos, festas, celebra\u00e7\u00f5es e eventos corporate. O espa\u00e7o para eventos do Espiche Golf \u00e9 uma \u00f3tima op\u00e7\u00e3o para tornar o seu evento verdadeiramente inesquec\u00edvel.<\/p>\r\n \r\n<p>Os pacotes de eventos poder\u00e3o ser adaptados de acordo com as necessidades do cliente, com a ajuda da nossa experiente equipa que estar\u00e1 sempre dispon\u00edvel para supervisionar cada detalhe &#8211; desde o planeamento do evento, do set up do espa\u00e7o para eventos ou festas at\u00e9 ao pr\u00f3prio dia do evento.\r\n<\/p>\r\n \r\n<p>Torne o seu evento inesquec\u00edvel com o Espiche Golf.<\/p>\r\n \r\n<p>Para mais informa\u00e7\u00f5es por favor contacte-nos atrav\u00e9s do email: <a href=\"mailto: gecko@espichegolf.pt\">gecko@espichegolf.pt<\/a><\/p><\/h2>\n                            <\/div>\n        <\/div>\n        <div class=\"container\">\n            <div class=\"img appear\" style=\"margin: 2.5rem 0;\">\n                           <\/div>\n        <\/div>\n<\/section>\n\n<section class=\"special-offers-section\">\n\n        \n    <h2 style=\"text-align: center; margin: 3rem\">Eventos Especiais<\/h2>\n    \n    <div class=\"container\">\n        <div class=\"row\"> \n            <div class=\"col-lg-4 col-md-4 card\">\n\n                                <a href=\"https:\/\/www.espichegolf.pt\/pt-pt\/eventos-especiais\/casamentos\/\" rel=\"noopener\">\n                                        <img decoding=\"async\" class=\"special-offers-img\" src=\"https:\/\/espiche.crochet.com.pt\/wp-content\/uploads\/2023\/03\/weddings.jpg\" alt=\"Weddings Events Algarve\">\n                                        \n                    <div class=\"card-container\">\n                            \n                        <h3>Casamentos<\/h3>\n                                        \n                           \n                    <\/div> \n\t\t\t\t<\/a>\n\t\t\t\t   \n\n\t\t\t\t\n            <\/div>\n\n            <div class=\"col-lg-4 col-md-4 card \">\n                \n                                <a href=\"https:\/\/www.espichegolf.pt\/pt-pt\/eventos-especiais\/celebracoes\/\" rel=\"noopener\">\n                                             <img decoding=\"async\" class=\"special-offers-img\" src=\"https:\/\/espiche.crochet.com.pt\/wp-content\/uploads\/2023\/03\/celebrations.png\" alt=\"Celebrations Events Lagos\">\n                                         \n                    <div class=\"card-container\">\n                            \n                        <h3>Celebra\u00e7\u00f5es<\/h3>\n                                        \n                         \n                    <\/div>  \n\t\t\t\t<\/a>\n\t\t\t\t   \n\n            <\/div>\n\n            <div class=\"col-lg-4 col-md-4 card\">\n                \n                                <a href=\"https:\/\/www.espichegolf.pt\/pt-pt\/eventos-especiais\/eventos-empresariais\/\" rel=\"noopener\">\n\t\t\t\t\t                     <img decoding=\"async\"  class=\"special-offers-img\" src=\"https:\/\/espiche.crochet.com.pt\/wp-content\/uploads\/2023\/03\/special-events.jpg\" alt=\"Corporate Event Hall in Lagos\">\n                    \n\t\t\t\t\t<div class=\"card-container\">\n\t\t\t\t\t\t    \n\t\t\t\t\t\t<h3>Eventos Empresariais<\/h3>\n\t\t\t\t\t\t\n\t\t\t\t\t\t\t\t\t\t\t<\/div> \n\t\t\t\t<\/a>\n\t\t\t\t            <\/div>\n        <\/div>\n    <\/div>\n    <!-- container -->\n<\/section>","protected":false},"excerpt":{"rendered":"","protected":false},"author":1,"featured_media":0,"parent":0,"menu_order":0,"comment_status":"closed","ping_status":"closed","template":"","meta":{"_acf_changed":false,"inline_featured_image":false,"footnotes":""},"class_list":["post-2379","page","type-page","status-publish","hentry"],"acf":[],"_links":{"self":[{"href":"https:\/\/espiche.crochet.com.pt\/pt-pt\/wp-json\/wp\/v2\/pages\/2379","targetHints":{"allow":["GET"]}}],"collection":[{"href":"https:\/\/espiche.crochet.com.pt\/pt-pt\/wp-json\/wp\/v2\/pages"}],"about":[{"href":"https:\/\/espiche.crochet.com.pt\/pt-pt\/wp-json\/wp\/v2\/types\/page"}],"author":[{"embeddable":true,"href":"https:\/\/espiche.crochet.com.pt\/pt-pt\/wp-json\/wp\/v2\/users\/1"}],"replies":[{"embeddable":true,"href":"https:\/\/espiche.crochet.com.pt\/pt-pt\/wp-json\/wp\/v2\/comments?post=2379"}],"version-history":[{"count":23,"href":"https:\/\/espiche.crochet.com.pt\/pt-pt\/wp-json\/wp\/v2\/pages\/2379\/revisions"}],"predecessor-version":[{"id":20876,"href":"https:\/\/espiche.crochet.com.pt\/pt-pt\/wp-json\/wp\/v2\/pages\/2379\/revisions\/20876"}],"wp:attachment":[{"href":"https:\/\/espiche.crochet.com.pt\/pt-pt\/wp-json\/wp\/v2\/media?parent=2379"}],"curies":[{"name":"wp","href":"https:\/\/api.w.org\/{rel}","templated":true}]}}