{"id":2415,"date":"2023-03-21T14:57:22","date_gmt":"2023-03-21T14:57:22","guid":{"rendered":"https:\/\/espiche-golf.crochet.pt\/golf-experience\/course\/"},"modified":"2024-10-24T10:41:46","modified_gmt":"2024-10-24T10:41:46","slug":"campo-de-golfe","status":"publish","type":"page","link":"https:\/\/espiche.crochet.com.pt\/pt-pt\/golf\/campo-de-golfe\/","title":{"rendered":"Campo de Golfe"},"content":{"rendered":"<!-- header -->\n<figure class=\"main-banner\">\n  <figcaption>\n    <div class=\"container\">\n      <div class=\"row\">\n        <div class=\"col-xl-8 col-lg-10 mx-auto appear animation-opacity\">\n                      <h2 class=\"h1\"  style=\"color: white; font-weight: bold;\">\n              Campo de Golfe            <\/h2>\n                                \n                  <\/div>\n      <\/div>\n    <\/div>\n    <!-- container -->\n  <\/figcaption>\n  <div class=\"img bg-img\">\n\n          <img decoding=\"async\" src=\"https:\/\/espiche.crochet.com.pt\/wp-content\/uploads\/2023\/07\/EG_GOLF-29-min.jpg\" alt=\"golf course\">\n       <\/div>\n  <!-- img -->\n<\/figure>\n\n\n<div style=\"height:90px\" aria-hidden=\"true\" class=\"wp-block-spacer\"><\/div>\n\n\n<section id=\"block_d0b2385e359ad34d948e3f3dccb3223d\" class=\"\">\r\n    <div class=\"container\">\r\n        <div class=\"row\">\r\n            <div class=\"col-md-12\">\r\n                <div class=\"text-holder\">\r\n                                            <h2>Uma experi\u00eancia de golfe \u00fanica no barlavento Algarvio<\/h2>\r\n                    \r\n                                            <p>O nosso desafiante campo de 18 buracos, par 72, estende-se por um soberbo terreno ondulado que se funde perfeitamente com a paisagem algarvia. Os seus lagos, riachos e planta\u00e7\u00f5es ind\u00edgenas melhoram e enriquecem a biodiversidade da \u00e1rea. O campo est\u00e1 rodeado por belos campos abertos, trocando a t\u00edpica experi\u00eancia de golfe portuguesa de hot\u00e9is e edif\u00edcios altos por vistas das vinhas locais e da Serra de Monchique ao longe.<\/p>\r\n                                        \r\n                                    <\/div>\r\n            <\/div>\r\n        <\/div>\r\n    <\/div>\r\n<\/section>\r\n\n\n\n<div style=\"height:80px\" aria-hidden=\"true\" class=\"wp-block-spacer\"><\/div>\n\n\n<section class=\"about-section-2 appear animation-left\">\n    <div class=\"container \">\n        <div class=\"row row-about-section-white\" style=\"align-items: center;\">\n            <div class=\"col-lg-6 col-md-6 padding-row appear\">\n                                    <h2>Desafie o seu jogo<\/h2>\n                                                                    <p><p>O campo de golfe requer um pensamento cuidadoso ao longo dos 5890 metros (6441 jardas) a partir dos tees de tr\u00e1s e exige um toque h\u00e1bil no jogo curto. Os bunkers protegem a maioria dos greens e os greens s\u00e3o grandes e ondulados, exigindo uma m\u00e3o suave com o putter. O Espiche Golf \u00e9 um campo para quem gosta de dar tacadas, onde cada buraco representa um novo desafio gra\u00e7as \u00e0 variedade do layout.<\/p>\r\n\r\n<p>Pode consultar a nossa lista de pre\u00e7os de green fees e aluguer de equipamento.<p>\r\n\r\n<div>\r\n<a href=\"https:\/\/www.espichegolf.pt\/wp-content\/uploads\/2024\/10\/Price-List-2024-25-PT.pdf\" class=\"btn btn-blue\" rel=\"noopener\">Lista de Pre\u00e7os<\/a>\r\n<a href=\"https:\/\/www.espichegolf.pt\/wp-content\/uploads\/2023\/05\/Handicap-Table.pdf\" class=\"btn btn-blue\" rel=\"noopener\">Tabela Handicaps<\/a>\r\n<\/div><\/p>\n                                \n            <\/div>\n            <div class=\"col-lg-6 col-md-6 img appear\">\n                                   <img decoding=\"async\" src=\"https:\/\/espiche.crochet.com.pt\/wp-content\/uploads\/2023\/06\/EG-2132-min.jpg\" alt=\"golfers\"\/>\n                              <\/div>\n        <\/div>\n    <\/div>\n    <div class=\"div-about-section-blue\">\n        <div class=\"container\">\n        <div class=\"row row-about-section-blue\" style=\"align-items: center;\">\n            <div class=\"col-lg-6 col-md-6 img appear appear\">\n                                  <img decoding=\"async\" src=\"https:\/\/espiche.crochet.com.pt\/wp-content\/uploads\/2023\/06\/EG_GOLF-24-min.jpg\" alt=\"bunker\"\/>\n                              <\/div>\n            <div class=\"col-lg-6 col-md-6 padding-row appear\">\n                                    <h2>Pacotes de Golfe e Alojamento<\/h2>\n                                                                    <p><p> Lagos fica apenas a uma hora de carro do aeroporto de Faro, mas a sua localiza\u00e7\u00e3o torna-o numa zona maravilhosa para relaxar e explorar o aut\u00eantico barlavento algarvio.<\/p>\r\n\r\n<p>O Espiche Golf oferece pacotes especiais de golfe e alojamento. <\/p><\/p>\n                                            <\/div>\n        <\/div>\n        <\/div>\n    <\/div>\n<\/section>\n\n<div class=\"container\">\n<div class=\"section-contact\" style=\"text-align: center;\">\n<h2>Contactos e Reservas de Tee Times<\/h2>\n<p>S\u00edtio dos Matos Brancos, 701 \u2013 N<\/p>\n<p>8600-114 Espiche, Lagos<\/p>\n<p>Algarve &#8211; Portugal<\/p>\n<h3 style=\"margin-top: 2rem;\">Recep\u00e7\u00e3o de Golfe<\/h3>\n<p>E. <a href=\"mailto:reception@espichegolf.pt\">reception@espichegolf.pt<\/a><\/p>\n<p>T. <a href=\"tel:+351282688250\">+351 282 688 250<\/a><\/p>\n<p><a class=\"btn btn-blue btn-contact\" href=\"https:\/\/espiche.golfmanager.com\/consumer\/home\" rel=\"noopener\">Reserve Agora<\/a><\/p>\n<\/div>\n<\/div>\n\n\n<div style=\"height:5rem\" aria-hidden=\"true\" class=\"wp-block-spacer\"><\/div>\n\n\n<div class=\"container\"><style>#jtg-2993 .modula-item .jtg-social a, .lightbox-socials.jtg-social a{ fill: #ffffff; color: #ffffff }#jtg-2993 .modula-item .jtg-social-mobile a{ fill: #ffffff; color: #ffffff }#jtg-2993 .modula-item .jtg-social svg, .lightbox-socials.jtg-social svg { height: 16px; width: 16px }#jtg-2993 .modula-item .jtg-social-mobile svg { height: 16px; width: 16px }#jtg-2993 .modula-item .jtg-social a:not(:last-child), .lightbox-socials.jtg-social a:not(:last-child) { margin-right: 10px }#jtg-2993 .modula-item .jtg-social-mobile .jtg-social-mobile-icons a:not(:last-child){ margin-right: 10px }#jtg-2993 .modula-item .figc {color:#ffffff;}#jtg-2993 .modula-item .modula-item-content { transform: scale(1) }#jtg-2993 { width:100%;}#jtg-2993 .modula-items{height:650px;}@media screen and (max-width: 992px) {#jtg-2993 .modula-items{height:650px;}}@media screen and (max-width: 768px) {#jtg-2993 .modula-items{height:650px;}}#jtg-2993 .modula-items .figc p.description { font-size:14px; }#jtg-2993 .modula-items .figc p.description { color:#ffffff;}#jtg-2993.modula-gallery .modula-item > a, #jtg-2993.modula-gallery .modula-item, #jtg-2993.modula-gallery .modula-item-content > a:not(.modula-no-follow) { cursor:zoom-in; } #jtg-2993.modula-gallery .modula-item-content .modula-no-follow { cursor: default; } @media screen and (max-width:480px){#jtg-2993 .modula-item .figc .jtg-title {  font-size: 12px; }#jtg-2993 .modula-items .figc p.description { color:#ffffff;font-size:10px; }}<\/style>\n<div  id=\"jtg-2993\" class=\"modula modula-gallery modula-creative-gallery\" data-config=\"{&quot;height&quot;:650,&quot;tabletHeight&quot;:650,&quot;mobileHeight&quot;:650,&quot;desktopHeight&quot;:650,&quot;enableTwitter&quot;:false,&quot;enableWhatsapp&quot;:false,&quot;enableFacebook&quot;:false,&quot;enablePinterest&quot;:false,&quot;enableLinkedin&quot;:false,&quot;enableEmail&quot;:false,&quot;randomFactor&quot;:0.5,&quot;type&quot;:&quot;creative-gallery&quot;,&quot;columns&quot;:12,&quot;gutter&quot;:10,&quot;mobileGutter&quot;:10,&quot;tabletGutter&quot;:10,&quot;desktopGutter&quot;:10,&quot;enableResponsive&quot;:&quot;0&quot;,&quot;tabletColumns&quot;:&quot;2&quot;,&quot;mobileColumns&quot;:&quot;1&quot;,&quot;lazyLoad&quot;:&quot;1&quot;,&quot;lightboxOpts&quot;:{&quot;animated&quot;:true,&quot;Thumbs&quot;:{&quot;type&quot;:&quot;modern&quot;,&quot;showOnStart&quot;:false},&quot;Toolbar&quot;:{&quot;display&quot;:{&quot;right&quot;:[&quot;close&quot;]},&quot;enabled&quot;:true},&quot;Carousel&quot;:{&quot;Panzoom&quot;:{&quot;touch&quot;:false},&quot;infinite&quot;:false},&quot;keyboard&quot;:{&quot;Escape&quot;:&quot;close&quot;,&quot;Delete&quot;:&quot;close&quot;,&quot;Backspace&quot;:&quot;close&quot;,&quot;PageUp&quot;:false,&quot;PageDown&quot;:false,&quot;ArrowUp&quot;:false,&quot;ArrowDown&quot;:false,&quot;ArrowRight&quot;:false,&quot;ArrowLeft&quot;:false},&quot;touch&quot;:false,&quot;backdropClick&quot;:false,&quot;l10n&quot;:{&quot;CLOSE&quot;:&quot;Close&quot;,&quot;NEXT&quot;:&quot;Next&quot;,&quot;PREV&quot;:&quot;Previous&quot;,&quot;Error&quot;:&quot;The requested content cannot be loaded. Please try again later.&quot;,&quot;PLAY_START&quot;:&quot;Start slideshow&quot;,&quot;PLAY_STOP&quot;:&quot;Pause slideshow&quot;,&quot;FULL_SCREEN&quot;:&quot;Full screen&quot;,&quot;THUMBS&quot;:&quot;Thumbnails&quot;,&quot;DOWNLOAD&quot;:&quot;Download&quot;,&quot;SHARE&quot;:&quot;Share&quot;,&quot;ZOOM&quot;:&quot;Zoom&quot;,&quot;EMAIL&quot;:&quot;Here is the link to the image : %%image_link%% and this is the link to the gallery : %%gallery_link%%&quot;,&quot;MODAL&quot;:&quot;You can close this modal content with the ESC key&quot;,&quot;ERROR&quot;:&quot;Something Went Wrong, Please Try Again Later&quot;,&quot;IMAGE_ERROR&quot;:&quot;Image Not Found&quot;,&quot;ELEMENT_NOT_FOUND&quot;:&quot;HTML Element Not Found&quot;,&quot;AJAX_NOT_FOUND&quot;:&quot;Error Loading AJAX : Not Found&quot;,&quot;AJAX_FORBIDDEN&quot;:&quot;Error Loading AJAX : Forbidden&quot;,&quot;IFRAME_ERROR&quot;:&quot;Error Loading Page&quot;,&quot;TOGGLE_ZOOM&quot;:&quot;Toggle zoom level&quot;,&quot;TOGGLE_THUMBS&quot;:&quot;Toggle thumbnails&quot;,&quot;TOGGLE_SLIDESHOW&quot;:&quot;Toggle slideshow&quot;,&quot;TOGGLE_FULLSCREEN&quot;:&quot;Toggle full-screen mode&quot;},&quot;Images&quot;:{&quot;Panzoom&quot;:{&quot;maxScale&quot;:2}},&quot;mainClass&quot;:&quot;modula-fancybox-container modula-lightbox-jtg-2993&quot;,&quot;Html&quot;:{&quot;videoAutoplay&quot;:0,&quot;videoTpl&quot;:&quot;&lt;video class=\\&quot;fancybox__html5video\\&quot; controls muted playsinline controlsList controlsList=\\&quot;nodownload\\&quot; poster=\\&quot;{{poster}}\\&quot; src=\\&quot;{{src}}\\&quot; type=\\&quot;{{format}}\\&quot; &gt;  Sorry, your browser doesn&#039;t support embedded videos, &lt;a href=\\&quot;{{src}}\\&quot;&gt; download &lt;\\\/a&gt; and watch with your favorite video player! &lt;\\\/video&gt;&quot;}},&quot;inView&quot;:false,&quot;email_subject&quot;:&quot;Check out this awesome image !!&quot;,&quot;email_message&quot;:&quot;Here is the link to the image : %%image_link%% and this is the link to the gallery : %%gallery_link%%&quot;,&quot;lightbox&quot;:&quot;fancybox&quot;}\">\n\n\t\n\t<div  class=\"modula-items\">\n\t\t<div class=\"modula-item effect-pufrobo\" >\n\t<div class=\"modula-item-overlay\"><\/div>\n\n\t<div class=\"modula-item-content\">\n\n\t\t\t\t\n\t\t\t\t\t<a data-image-id=\"6276\" tabindex=\"0\" rel=\"jtg-2993\" data-caption=\"\" aria-label=\"Open image in lightbox\" role=\"button\" class=\"tile-inner modula-item-link\"><\/a>\n\t\t\n\t\t<img class=\"pic wp-image-6276 lazyload\"  data-valign=\"middle\" data-halign=\"center\" alt=\"hole 9\" data-full=\"https:\/\/espiche.crochet.com.pt\/wp-content\/uploads\/2023\/06\/EG_GOLF-14-min-1.jpg\" title=\"EG_GOLF (14)-min\" width=\"2560\" height=\"1707\" data-src=\"https:\/\/espiche.crochet.com.pt\/wp-content\/uploads\/2023\/06\/EG_GOLF-14-min-1.jpg\" data-caption=\"\" data-source=\"modula\" data-srcset=\"https:\/\/espiche.crochet.com.pt\/wp-content\/uploads\/2023\/06\/EG_GOLF-14-min-1-scaled.jpg 2560w, https:\/\/espiche.crochet.com.pt\/wp-content\/uploads\/2023\/06\/EG_GOLF-14-min-1-300x200.jpg 300w, https:\/\/espiche.crochet.com.pt\/wp-content\/uploads\/2023\/06\/EG_GOLF-14-min-1-1024x683.jpg 1024w, https:\/\/espiche.crochet.com.pt\/wp-content\/uploads\/2023\/06\/EG_GOLF-14-min-1-768x512.jpg 768w, https:\/\/espiche.crochet.com.pt\/wp-content\/uploads\/2023\/06\/EG_GOLF-14-min-1-1536x1024.jpg 1536w, https:\/\/espiche.crochet.com.pt\/wp-content\/uploads\/2023\/06\/EG_GOLF-14-min-1-2048x1365.jpg 2048w\" data-sizes=\"(max-width: 2560px) 100vw, 2560px\" \/>\n\t\t<div class=\"figc no-description\">\n\t\t\t<div class=\"figc-inner\">\n\t\t\t\t\t\t\t\t\t\t\t\t\t\t\t<\/div>\n\t\t<\/div>\n\n\t<\/div>\n\n<\/div><div class=\"modula-item effect-pufrobo\" >\n\t<div class=\"modula-item-overlay\"><\/div>\n\n\t<div class=\"modula-item-content\">\n\n\t\t\t\t\n\t\t\t\t\t<a data-image-id=\"6279\" tabindex=\"0\" rel=\"jtg-2993\" data-caption=\"\" aria-label=\"Open image in lightbox\" role=\"button\" class=\"tile-inner modula-item-link\"><\/a>\n\t\t\n\t\t<img class=\"pic wp-image-6279 lazyload\"  data-valign=\"middle\" data-halign=\"center\" alt=\"golf course sunset\" data-full=\"https:\/\/espiche.crochet.com.pt\/wp-content\/uploads\/2023\/06\/EG_GOLF-26-min.jpg\" title=\"EG_GOLF (26)-min\" width=\"2560\" height=\"1709\" data-src=\"https:\/\/espiche.crochet.com.pt\/wp-content\/uploads\/2023\/06\/EG_GOLF-26-min.jpg\" data-caption=\"\" data-source=\"modula\" data-srcset=\"https:\/\/espiche.crochet.com.pt\/wp-content\/uploads\/2023\/06\/EG_GOLF-26-min-scaled.jpg 2560w, https:\/\/espiche.crochet.com.pt\/wp-content\/uploads\/2023\/06\/EG_GOLF-26-min-300x200.jpg 300w, https:\/\/espiche.crochet.com.pt\/wp-content\/uploads\/2023\/06\/EG_GOLF-26-min-1024x683.jpg 1024w, https:\/\/espiche.crochet.com.pt\/wp-content\/uploads\/2023\/06\/EG_GOLF-26-min-768x513.jpg 768w, https:\/\/espiche.crochet.com.pt\/wp-content\/uploads\/2023\/06\/EG_GOLF-26-min-1536x1025.jpg 1536w, https:\/\/espiche.crochet.com.pt\/wp-content\/uploads\/2023\/06\/EG_GOLF-26-min-2048x1367.jpg 2048w\" data-sizes=\"(max-width: 2560px) 100vw, 2560px\" \/>\n\t\t<div class=\"figc no-description\">\n\t\t\t<div class=\"figc-inner\">\n\t\t\t\t\t\t\t\t\t\t\t\t\t\t\t<\/div>\n\t\t<\/div>\n\n\t<\/div>\n\n<\/div><div class=\"modula-item effect-pufrobo\" >\n\t<div class=\"modula-item-overlay\"><\/div>\n\n\t<div class=\"modula-item-content\">\n\n\t\t\t\t\n\t\t\t\t\t<a data-image-id=\"6288\" tabindex=\"0\" rel=\"jtg-2993\" data-caption=\"\" aria-label=\"Open image in lightbox\" role=\"button\" class=\"tile-inner modula-item-link\"><\/a>\n\t\t\n\t\t<img class=\"pic wp-image-6288 lazyload\"  data-valign=\"middle\" data-halign=\"center\" alt=\"view from hole 2\" data-full=\"https:\/\/espiche.crochet.com.pt\/wp-content\/uploads\/2023\/06\/EG_GOLF-39-min-1.jpg\" title=\"EG_GOLF (39)-min\" width=\"2560\" height=\"1708\" data-src=\"https:\/\/espiche.crochet.com.pt\/wp-content\/uploads\/2023\/06\/EG_GOLF-39-min-1.jpg\" data-caption=\"\" data-source=\"modula\" data-srcset=\"https:\/\/espiche.crochet.com.pt\/wp-content\/uploads\/2023\/06\/EG_GOLF-39-min-1-scaled.jpg 2560w, https:\/\/espiche.crochet.com.pt\/wp-content\/uploads\/2023\/06\/EG_GOLF-39-min-1-300x200.jpg 300w, https:\/\/espiche.crochet.com.pt\/wp-content\/uploads\/2023\/06\/EG_GOLF-39-min-1-1024x683.jpg 1024w, https:\/\/espiche.crochet.com.pt\/wp-content\/uploads\/2023\/06\/EG_GOLF-39-min-1-768x513.jpg 768w, https:\/\/espiche.crochet.com.pt\/wp-content\/uploads\/2023\/06\/EG_GOLF-39-min-1-1536x1025.jpg 1536w, https:\/\/espiche.crochet.com.pt\/wp-content\/uploads\/2023\/06\/EG_GOLF-39-min-1-2048x1367.jpg 2048w\" data-sizes=\"(max-width: 2560px) 100vw, 2560px\" \/>\n\t\t<div class=\"figc no-description\">\n\t\t\t<div class=\"figc-inner\">\n\t\t\t\t\t\t\t\t\t\t\t\t\t\t\t<\/div>\n\t\t<\/div>\n\n\t<\/div>\n\n<\/div><div class=\"modula-item effect-pufrobo\" >\n\t<div class=\"modula-item-overlay\"><\/div>\n\n\t<div class=\"modula-item-content\">\n\n\t\t\t\t\n\t\t\t\t\t<a data-image-id=\"6291\" tabindex=\"0\" rel=\"jtg-2993\" data-caption=\"\" aria-label=\"Open image in lightbox\" role=\"button\" class=\"tile-inner modula-item-link\"><\/a>\n\t\t\n\t\t<img class=\"pic wp-image-6291 lazyload\"  data-valign=\"middle\" data-halign=\"center\" alt=\"golf course\" data-full=\"https:\/\/espiche.crochet.com.pt\/wp-content\/uploads\/2023\/06\/EG_GOLF-53-min-1.jpg\" title=\"EG_GOLF (53)-min\" width=\"2560\" height=\"1709\" data-src=\"https:\/\/espiche.crochet.com.pt\/wp-content\/uploads\/2023\/06\/EG_GOLF-53-min-1.jpg\" data-caption=\"\" data-source=\"modula\" data-srcset=\"https:\/\/espiche.crochet.com.pt\/wp-content\/uploads\/2023\/06\/EG_GOLF-53-min-1-scaled.jpg 2560w, https:\/\/espiche.crochet.com.pt\/wp-content\/uploads\/2023\/06\/EG_GOLF-53-min-1-300x200.jpg 300w, https:\/\/espiche.crochet.com.pt\/wp-content\/uploads\/2023\/06\/EG_GOLF-53-min-1-1024x683.jpg 1024w, https:\/\/espiche.crochet.com.pt\/wp-content\/uploads\/2023\/06\/EG_GOLF-53-min-1-768x513.jpg 768w, https:\/\/espiche.crochet.com.pt\/wp-content\/uploads\/2023\/06\/EG_GOLF-53-min-1-1536x1025.jpg 1536w, https:\/\/espiche.crochet.com.pt\/wp-content\/uploads\/2023\/06\/EG_GOLF-53-min-1-2048x1367.jpg 2048w\" data-sizes=\"(max-width: 2560px) 100vw, 2560px\" \/>\n\t\t<div class=\"figc no-description\">\n\t\t\t<div class=\"figc-inner\">\n\t\t\t\t\t\t\t\t\t\t\t\t\t\t\t<\/div>\n\t\t<\/div>\n\n\t<\/div>\n\n<\/div><div class=\"modula-item effect-pufrobo\" >\n\t<div class=\"modula-item-overlay\"><\/div>\n\n\t<div class=\"modula-item-content\">\n\n\t\t\t\t\n\t\t\t\t\t<a data-image-id=\"6294\" tabindex=\"0\" rel=\"jtg-2993\" data-caption=\"\" aria-label=\"Open image in lightbox\" role=\"button\" class=\"tile-inner modula-item-link\"><\/a>\n\t\t\n\t\t<img class=\"pic wp-image-6294 lazyload\"  data-valign=\"middle\" data-halign=\"center\" alt=\"aerial view hole 2\" data-full=\"https:\/\/espiche.crochet.com.pt\/wp-content\/uploads\/2023\/06\/EG_GOLF-57-min.jpg\" title=\"EG_GOLF (57)-min\" width=\"2560\" height=\"1705\" data-src=\"https:\/\/espiche.crochet.com.pt\/wp-content\/uploads\/2023\/06\/EG_GOLF-57-min.jpg\" data-caption=\"\" data-source=\"modula\" data-srcset=\"https:\/\/espiche.crochet.com.pt\/wp-content\/uploads\/2023\/06\/EG_GOLF-57-min-scaled.jpg 2560w, https:\/\/espiche.crochet.com.pt\/wp-content\/uploads\/2023\/06\/EG_GOLF-57-min-300x200.jpg 300w, https:\/\/espiche.crochet.com.pt\/wp-content\/uploads\/2023\/06\/EG_GOLF-57-min-1024x682.jpg 1024w, https:\/\/espiche.crochet.com.pt\/wp-content\/uploads\/2023\/06\/EG_GOLF-57-min-768x511.jpg 768w, https:\/\/espiche.crochet.com.pt\/wp-content\/uploads\/2023\/06\/EG_GOLF-57-min-1536x1023.jpg 1536w, https:\/\/espiche.crochet.com.pt\/wp-content\/uploads\/2023\/06\/EG_GOLF-57-min-2048x1364.jpg 2048w\" data-sizes=\"(max-width: 2560px) 100vw, 2560px\" \/>\n\t\t<div class=\"figc no-description\">\n\t\t\t<div class=\"figc-inner\">\n\t\t\t\t\t\t\t\t\t\t\t\t\t\t\t<\/div>\n\t\t<\/div>\n\n\t<\/div>\n\n<\/div><div class=\"modula-item effect-pufrobo\" >\n\t<div class=\"modula-item-overlay\"><\/div>\n\n\t<div class=\"modula-item-content\">\n\n\t\t\t\t\n\t\t\t\t\t<a data-image-id=\"6649\" tabindex=\"0\" rel=\"jtg-2993\" data-caption=\"\" aria-label=\"Open image in lightbox\" role=\"button\" class=\"tile-inner modula-item-link\"><\/a>\n\t\t\n\t\t<img class=\"pic wp-image-6649 lazyload\"  data-valign=\"middle\" data-halign=\"center\" alt=\"Sustainable Golf Course\" data-full=\"https:\/\/espiche.crochet.com.pt\/wp-content\/uploads\/2023\/07\/EG_GOLF-31-min-1.jpg\" title=\"EG_GOLF (31)-min\" width=\"1000\" height=\"667\" data-src=\"https:\/\/espiche.crochet.com.pt\/wp-content\/uploads\/2023\/07\/EG_GOLF-31-min-1.jpg\" data-caption=\"\" data-source=\"modula\" data-srcset=\"https:\/\/espiche.crochet.com.pt\/wp-content\/uploads\/2023\/07\/EG_GOLF-31-min-1.jpg 1000w, https:\/\/espiche.crochet.com.pt\/wp-content\/uploads\/2023\/07\/EG_GOLF-31-min-1-300x200.jpg 300w, https:\/\/espiche.crochet.com.pt\/wp-content\/uploads\/2023\/07\/EG_GOLF-31-min-1-768x512.jpg 768w\" data-sizes=\"(max-width: 1000px) 100vw, 1000px\" \/>\n\t\t<div class=\"figc no-description\">\n\t\t\t<div class=\"figc-inner\">\n\t\t\t\t\t\t\t\t\t\t\t\t\t\t\t<\/div>\n\t\t<\/div>\n\n\t<\/div>\n\n<\/div><div class=\"modula-item effect-pufrobo\" >\n\t<div class=\"modula-item-overlay\"><\/div>\n\n\t<div class=\"modula-item-content\">\n\n\t\t\t\t\n\t\t\t\t\t<a data-image-id=\"6674\" tabindex=\"0\" rel=\"jtg-2993\" data-caption=\"\" aria-label=\"Open image in lightbox\" role=\"button\" class=\"tile-inner modula-item-link\"><\/a>\n\t\t\n\t\t<img class=\"pic wp-image-6674 lazyload\"  data-valign=\"middle\" data-halign=\"center\" alt=\"aerial view\" data-full=\"https:\/\/espiche.crochet.com.pt\/wp-content\/uploads\/2023\/07\/EG_GOLF-58-min.jpg\" title=\"EG_GOLF (58)-min\" width=\"1000\" height=\"666\" data-src=\"https:\/\/espiche.crochet.com.pt\/wp-content\/uploads\/2023\/07\/EG_GOLF-58-min.jpg\" data-caption=\"\" data-source=\"modula\" data-srcset=\"https:\/\/espiche.crochet.com.pt\/wp-content\/uploads\/2023\/07\/EG_GOLF-58-min.jpg 1000w, https:\/\/espiche.crochet.com.pt\/wp-content\/uploads\/2023\/07\/EG_GOLF-58-min-300x200.jpg 300w, https:\/\/espiche.crochet.com.pt\/wp-content\/uploads\/2023\/07\/EG_GOLF-58-min-768x511.jpg 768w\" data-sizes=\"(max-width: 1000px) 100vw, 1000px\" \/>\n\t\t<div class=\"figc no-description\">\n\t\t\t<div class=\"figc-inner\">\n\t\t\t\t\t\t\t\t\t\t\t\t\t\t\t<\/div>\n\t\t<\/div>\n\n\t<\/div>\n\n<\/div>\t\t\n\t<\/div>\n\n\t\n\t\n\t<script type=\"application\/ld+json\">\n\t{\n\t\t\"@context\": \"http:\/\/schema.org\",\n\t\t\"@type\"   : \"ImageGallery\",\n\t\t\"id\"      : \"https:\/\/espiche.crochet.com.pt\/pt-pt\/golf\/campo-de-golfe\/\",\n\t\t\"url\"     : \"https:\/\/espiche.crochet.com.pt\/pt-pt\/golf\/campo-de-golfe\/\"\n\t}\n\n\t<\/script>\n\n\t\n<\/div><\/div>\n\n\n<div style=\"height:90px\" aria-hidden=\"true\" class=\"wp-block-spacer\"><\/div>\n","protected":false},"excerpt":{"rendered":"<p>Contactos e Reservas de Tee Times S\u00edtio dos Matos Brancos, 701 \u2013 N 8600-114 Espiche, Lagos Algarve &#8211; Portugal Recep\u00e7\u00e3o de Golfe E. reception@espichegolf.pt T. +351 282 688 250 Reserve [&hellip;]<\/p>\n","protected":false},"author":1,"featured_media":0,"parent":2413,"menu_order":1,"comment_status":"closed","ping_status":"closed","template":"","meta":{"_acf_changed":false,"inline_featured_image":false,"footnotes":""},"class_list":["post-2415","page","type-page","status-publish","hentry"],"acf":[],"_links":{"self":[{"href":"https:\/\/espiche.crochet.com.pt\/pt-pt\/wp-json\/wp\/v2\/pages\/2415","targetHints":{"allow":["GET"]}}],"collection":[{"href":"https:\/\/espiche.crochet.com.pt\/pt-pt\/wp-json\/wp\/v2\/pages"}],"about":[{"href":"https:\/\/espiche.crochet.com.pt\/pt-pt\/wp-json\/wp\/v2\/types\/page"}],"author":[{"embeddable":true,"href":"https:\/\/espiche.crochet.com.pt\/pt-pt\/wp-json\/wp\/v2\/users\/1"}],"replies":[{"embeddable":true,"href":"https:\/\/espiche.crochet.com.pt\/pt-pt\/wp-json\/wp\/v2\/comments?post=2415"}],"version-history":[{"count":88,"href":"https:\/\/espiche.crochet.com.pt\/pt-pt\/wp-json\/wp\/v2\/pages\/2415\/revisions"}],"predecessor-version":[{"id":19104,"href":"https:\/\/espiche.crochet.com.pt\/pt-pt\/wp-json\/wp\/v2\/pages\/2415\/revisions\/19104"}],"up":[{"embeddable":true,"href":"https:\/\/espiche.crochet.com.pt\/pt-pt\/wp-json\/wp\/v2\/pages\/2413"}],"wp:attachment":[{"href":"https:\/\/espiche.crochet.com.pt\/pt-pt\/wp-json\/wp\/v2\/media?parent=2415"}],"curies":[{"name":"wp","href":"https:\/\/api.w.org\/{rel}","templated":true}]}}