{"id":2417,"date":"2023-03-21T16:25:51","date_gmt":"2023-03-21T16:25:51","guid":{"rendered":"https:\/\/espiche-golf.crochet.pt\/golf-experience\/golf-academy\/"},"modified":"2024-10-31T12:25:54","modified_gmt":"2024-10-31T12:25:54","slug":"golf-academy","status":"publish","type":"page","link":"https:\/\/espiche.crochet.com.pt\/pt-pt\/golf\/golf-academy\/","title":{"rendered":"Academia"},"content":{"rendered":"<!-- header -->\n<figure class=\"main-banner\">\n  <figcaption>\n    <div class=\"container\">\n      <div class=\"row\">\n        <div class=\"col-xl-8 col-lg-10 mx-auto appear animation-opacity\">\n                      <h2 class=\"h1\"  style=\"color: white; font-weight: bold;\">\n              Academia            <\/h2>\n                                \n                  <\/div>\n      <\/div>\n    <\/div>\n    <!-- container -->\n  <\/figcaption>\n  <div class=\"img bg-img\">\n\n          <img decoding=\"async\" src=\"https:\/\/espiche.crochet.com.pt\/wp-content\/uploads\/2023\/07\/EG_Driving-Range-2-min-1.jpg\" alt=\"driving range\">\n       <\/div>\n  <!-- img -->\n<\/figure>\n\n\n<div style=\"height:90px\" aria-hidden=\"true\" class=\"wp-block-spacer\"><\/div>\n\n\n<section class=\"about-section-2 appear animation-left\">\n    <div class=\"container \">\n        <div class=\"row row-about-section-white\" style=\"align-items: center;\">\n            <div class=\"col-lg-6 col-md-6 padding-row appear\">\n                                    <h2>Melhore o seu jogo na academia do Espiche Golf<\/h2>\n                                                                    <p><p>Na Academia do Espiche Golf, compreendemos que todos possuem habilidades e capacidades atl\u00e9ticas diferentes e as aulas de golfe s\u00e3o personalizadas para atender \u00e0s necessidades espec\u00edficas de cada jogador.<\/p>\r\n \r\n<p>Quer seja principiante e queira aprender a jogar golfe ou seja um jogador avan\u00e7ado que deseja levar o seu golfe at\u00e9 ao pr\u00f3ximo n\u00edvel, as aulas na Academia do Espiche Golf ir\u00e3o ajud\u00e1-lo a tornar-se no jogador de golfe que sempre quis ser.<\/p>\r\n\r\n<p>Se procura uma oportunidade para ter aulas de golfe em Portugal, venha beneficiar de aulas de golfe no aut\u00eantico barlavento Algarvio.\r\n<\/p><\/p>\n                                \n            <\/div>\n            <div class=\"col-lg-6 col-md-6 img appear\">\n                                   <img decoding=\"async\" src=\"https:\/\/espiche.crochet.com.pt\/wp-content\/uploads\/2023\/06\/EG-2498-min.jpg\" alt=\"golfer on putting green\"\/>\n                              <\/div>\n        <\/div>\n    <\/div>\n    <div class=\"div-about-section-blue\">\n        <div class=\"container\">\n        <div class=\"row row-about-section-blue\" style=\"align-items: center;\">\n            <div class=\"col-lg-6 col-md-6 img appear appear\">\n                                  <img decoding=\"async\" src=\"https:\/\/espiche.crochet.com.pt\/wp-content\/uploads\/2023\/06\/23.webp\" alt=\"Image of golf balls\"\/>\n                              <\/div>\n            <div class=\"col-lg-6 col-md-6 padding-row appear\">\n                                    <h2>Servi\u00e7os de Driving Range &#8211; Aberto ao p\u00fablico<\/h2>\n                                                                    <p> <p>O nosso driving range \u00e9 o local ideal para melhorar o seu jogo e um \u00f3ptimo local para iniciar o seu jogo caso seja principiante.<\/p>\r\n \r\n<p>&#8211; Driving range completo com relva &#038; mats<br>\r\n&#8211; \u00c1rea de jogo curto<br>\r\n&#8211; Putting green<br>\r\n&#8211; Aulas particulares<br>\r\n&#8211; Aulas de grupo (2 a 6 pessoas)<br>\r\n&#8211; Programa para crian\u00e7as (at\u00e9 aos 16 anos de idade) <br>\r\n&#8211; An\u00e1lise de video de swing e postura corporal (Trackman)<\/p>\r\n <\/p>\n                                            <\/div>\n        <\/div>\n        <\/div>\n    <\/div>\n<\/section>\n\n<section class=\"about-section-2 appear animation-left\" style=\"margin-bottom:6rem; margin-top: 4rem;\">\r\n    <div class=\"container\">\r\n        <div class=\"row row-about-section-white\" style=\"align-items: center;\">\r\n            \r\n            <div class=\"col-lg-6 col-md-6 padding-row appear\">\r\n                                    <h2>Conhe\u00e7a o nosso Pro<\/h2>\r\n                \r\n                                    <p><span>O nosso profissional de golfe, Jo\u00e3o Tom\u00e1z, est\u00e1 dispon\u00edvel para dar instru\u00e7\u00e3o a jogadores de todos os n\u00edveis e idades.<\/span><\/p>\r\n                \r\n                                    <p><p>A sua experi\u00eancia em golfe permite-lhe adaptar cada aulas \u00e0s necessidades de cada jogador. As aulas podem ser leccionadas em Ingl\u00eas, Portugu\u00eas e Espanhol.<p>\r\n\r\n<p>Para mais informa\u00e7\u00f5es, por favor contacte o Jo\u00e3o Tom\u00e1z na Academia do Espiche Golf.<\/p>\r\n<p>Tel.: <a href=\"tel:+351282688250\">+351 282 688 250<\/a>\r\nEmail: <a href=\"mailto:jtomaz@espichegolf.pt\">jtomaz@espichegolf.pt<\/a><\/p><\/p>\r\n                \r\n                                    <a href=\"https:\/\/www.espichegolf.pt\/wp-content\/uploads\/2023\/04\/Lista-de-Precos-Academia.pdf\" class=\"btn btn-blue Pre\u00e7os\" rel=\"noopener\">\r\n                        Lista de Pre\u00e7os                    <\/a>\r\n                            <\/div>\r\n\r\n            <div class=\"col-lg-6 col-md-6 img appear\">\r\n                                    <img decoding=\"async\" src=\"https:\/\/espiche.crochet.com.pt\/wp-content\/uploads\/2023\/06\/37.webp\" alt=\"Golf pro\"\/>\r\n                            <\/div>\r\n        <\/div>\r\n    <\/div>\r\n<\/section>\r\n","protected":false},"excerpt":{"rendered":"","protected":false},"author":1,"featured_media":0,"parent":2413,"menu_order":5,"comment_status":"closed","ping_status":"closed","template":"","meta":{"_acf_changed":false,"inline_featured_image":false,"footnotes":""},"class_list":["post-2417","page","type-page","status-publish","hentry"],"acf":[],"_links":{"self":[{"href":"https:\/\/espiche.crochet.com.pt\/pt-pt\/wp-json\/wp\/v2\/pages\/2417","targetHints":{"allow":["GET"]}}],"collection":[{"href":"https:\/\/espiche.crochet.com.pt\/pt-pt\/wp-json\/wp\/v2\/pages"}],"about":[{"href":"https:\/\/espiche.crochet.com.pt\/pt-pt\/wp-json\/wp\/v2\/types\/page"}],"author":[{"embeddable":true,"href":"https:\/\/espiche.crochet.com.pt\/pt-pt\/wp-json\/wp\/v2\/users\/1"}],"replies":[{"embeddable":true,"href":"https:\/\/espiche.crochet.com.pt\/pt-pt\/wp-json\/wp\/v2\/comments?post=2417"}],"version-history":[{"count":57,"href":"https:\/\/espiche.crochet.com.pt\/pt-pt\/wp-json\/wp\/v2\/pages\/2417\/revisions"}],"predecessor-version":[{"id":19206,"href":"https:\/\/espiche.crochet.com.pt\/pt-pt\/wp-json\/wp\/v2\/pages\/2417\/revisions\/19206"}],"up":[{"embeddable":true,"href":"https:\/\/espiche.crochet.com.pt\/pt-pt\/wp-json\/wp\/v2\/pages\/2413"}],"wp:attachment":[{"href":"https:\/\/espiche.crochet.com.pt\/pt-pt\/wp-json\/wp\/v2\/media?parent=2417"}],"curies":[{"name":"wp","href":"https:\/\/api.w.org\/{rel}","templated":true}]}}